{"id":3334,"date":"2024-05-27T13:38:08","date_gmt":"2024-05-27T13:38:08","guid":{"rendered":"https:\/\/rentmne.com\/?page_id=3334"},"modified":"2024-08-17T16:00:45","modified_gmt":"2024-08-17T16:00:45","slug":"privacy-policy","status":"publish","type":"page","link":"https:\/\/rentmne.com\/de\/privacy-policy\/","title":{"rendered":"Datenschutzerkl\u00e4rung"},"content":{"rendered":"\t\t<div data-elementor-type=\"wp-page\" data-elementor-id=\"3334\" class=\"elementor elementor-3334\" data-elementor-post-type=\"page\">\n\t\t\t\t<div class=\"elementor-element elementor-element-87479e7 e-flex e-con-boxed e-con e-parent\" data-id=\"87479e7\" data-element_type=\"container\" data-e-type=\"container\" data-settings=\"{&quot;background_background&quot;:&quot;classic&quot;,&quot;jet_parallax_layout_list&quot;:[]}\">\n\t\t\t\t\t<div class=\"e-con-inner\">\n\t\t\t\t\t<\/div>\n\t\t\t\t<\/div>\n\t\t<div class=\"elementor-element elementor-element-7ea83c5a e-flex e-con-boxed e-con e-parent\" data-id=\"7ea83c5a\" data-element_type=\"container\" data-e-type=\"container\" data-settings=\"{&quot;jet_parallax_layout_list&quot;:[]}\">\n\t\t\t\t\t<div class=\"e-con-inner\">\n\t\t\t\t<div class=\"elementor-element elementor-element-b761640 elementor-widget elementor-widget-heading\" data-id=\"b761640\" data-element_type=\"widget\" data-e-type=\"widget\" data-widget_type=\"heading.default\">\n\t\t\t\t<div class=\"elementor-widget-container\">\n\t\t\t\t\t<h2 class=\"elementor-heading-title elementor-size-default\">Einleitung<\/h2>\t\t\t\t<\/div>\n\t\t\t\t<\/div>\n\t\t\t\t<div class=\"elementor-element elementor-element-5bd32e5 elementor-widget elementor-widget-text-editor\" data-id=\"5bd32e5\" data-element_type=\"widget\" data-e-type=\"widget\" data-widget_type=\"text-editor.default\">\n\t\t\t\t<div class=\"elementor-widget-container\">\n\t\t\t\t\t\t\t\t\tWillkommen bei RentMne. Wir sind bestrebt, Ihre Privatsph\u00e4re zu sch\u00fctzen und sicherzustellen, dass Ihre pers\u00f6nlichen Daten sicher und verantwortungsvoll verwaltet werden. Diese Datenschutzerkl\u00e4rung beschreibt, wie wir Ihre Informationen sammeln, verwenden und sch\u00fctzen, wenn Sie unsere Dienstleistungen nutzen. \t\t\t\t\t\t\t\t<\/div>\n\t\t\t\t<\/div>\n\t\t\t\t<div class=\"elementor-element elementor-element-2924a1b elementor-widget elementor-widget-heading\" data-id=\"2924a1b\" data-element_type=\"widget\" data-e-type=\"widget\" data-widget_type=\"heading.default\">\n\t\t\t\t<div class=\"elementor-widget-container\">\n\t\t\t\t\t<h2 class=\"elementor-heading-title elementor-size-default\">Informationen, die wir sammeln<\/h2>\t\t\t\t<\/div>\n\t\t\t\t<\/div>\n\t\t\t\t<div class=\"elementor-element elementor-element-03767bb elementor-widget elementor-widget-text-editor\" data-id=\"03767bb\" data-element_type=\"widget\" data-e-type=\"widget\" data-widget_type=\"text-editor.default\">\n\t\t\t\t<div class=\"elementor-widget-container\">\n\t\t\t\t\t\t\t\t\t<p>Wir k\u00f6nnen die folgenden Arten von Informationen sammeln:<\/p><ul><li><strong>Pers\u00f6nliche Informationen:<\/strong> Name, Adresse, Telefonnummer, E-Mail-Adresse, Geburtsdatum und F\u00fchrerscheindaten.<\/li><li><strong>Zahlungsinformationen<\/strong>: Kreditkartendaten und Abrechnungsinformationen.<\/li><li><strong>Mietinformationen<\/strong>: Einzelheiten zu gemieteten Fahrzeugen, Mietdaten und -orten.<\/li><li><strong>Nutzungsinformationen<\/strong>: Informationen dar\u00fcber, wie Sie unsere Website und mobilen Anwendungen nutzen, einschlie\u00dflich Ihrer IP-Adresse, Browsertyp und Betriebssystem.<\/li><\/ul>\t\t\t\t\t\t\t\t<\/div>\n\t\t\t\t<\/div>\n\t\t\t\t<div class=\"elementor-element elementor-element-61c62be elementor-widget elementor-widget-heading\" data-id=\"61c62be\" data-element_type=\"widget\" data-e-type=\"widget\" data-widget_type=\"heading.default\">\n\t\t\t\t<div class=\"elementor-widget-container\">\n\t\t\t\t\t<h2 class=\"elementor-heading-title elementor-size-default\">Wie wir Ihre Informationen verwenden:\n\n\n\n\n\n\n<\/h2>\t\t\t\t<\/div>\n\t\t\t\t<\/div>\n\t\t\t\t<div class=\"elementor-element elementor-element-1d17d68 elementor-widget elementor-widget-text-editor\" data-id=\"1d17d68\" data-element_type=\"widget\" data-e-type=\"widget\" data-widget_type=\"text-editor.default\">\n\t\t\t\t<div class=\"elementor-widget-container\">\n\t\t\t\t\t\t\t\t\t<p>Wir verwenden Ihre Informationen f\u00fcr folgende Zwecke:<\/p><ul><li><strong>Zur Bereitstellung von Dienstleistungen:<\/strong> Um Ihre Mietvorg\u00e4nge zu bearbeiten, Buchungen zu verwalten und Kundenservice anzubieten.<\/li><li><strong>Zur Verbesserung unserer Dienstleistungen:<\/strong> Um unsere Website, Dienste und das gesamte Benutzererlebnis zu verbessern.<\/li><li><strong>Zur Kommunikation mit Ihnen:<\/strong> Um Updates, Werbeangebote und andere relevante Informationen zu senden.<\/li><li><strong>Aus rechtlichen und Sicherheitsgr\u00fcnden:<\/strong> Um gesetzlichen Verpflichtungen nachzukommen, Betrug zu verhindern und die Sicherheit unserer Dienstleistungen zu gew\u00e4hrleisten.<\/li><\/ul>\t\t\t\t\t\t\t\t<\/div>\n\t\t\t\t<\/div>\n\t\t\t\t<div class=\"elementor-element elementor-element-63418c0 elementor-widget elementor-widget-heading\" data-id=\"63418c0\" data-element_type=\"widget\" data-e-type=\"widget\" data-widget_type=\"heading.default\">\n\t\t\t\t<div class=\"elementor-widget-container\">\n\t\t\t\t\t<h2 class=\"elementor-heading-title elementor-size-default\">Weitergabe Ihrer Informationen<\/h2>\t\t\t\t<\/div>\n\t\t\t\t<\/div>\n\t\t\t\t<div class=\"elementor-element elementor-element-d8bbc67 elementor-widget elementor-widget-text-editor\" data-id=\"d8bbc67\" data-element_type=\"widget\" data-e-type=\"widget\" data-widget_type=\"text-editor.default\">\n\t\t\t\t<div class=\"elementor-widget-container\">\n\t\t\t\t\t\t\t\t\t<p>Wir k\u00f6nnen Ihre Informationen in folgenden Situationen an Dritte weitergeben:<\/p><ul><li><strong>Dienstleister:<\/strong> An Drittanbieter, die uns bei der Erbringung unserer Dienstleistungen unterst\u00fctzen, wie z.B. Zahlungsabwickler.<\/li><li><strong>Rechtliche Verpflichtungen:<\/strong> Wenn dies gesetzlich erforderlich ist oder zum Schutz unserer rechtlichen Anspr\u00fcche.<\/li><\/ul>\t\t\t\t\t\t\t\t<\/div>\n\t\t\t\t<\/div>\n\t\t\t\t<div class=\"elementor-element elementor-element-f42d914 elementor-widget elementor-widget-heading\" data-id=\"f42d914\" data-element_type=\"widget\" data-e-type=\"widget\" data-widget_type=\"heading.default\">\n\t\t\t\t<div class=\"elementor-widget-container\">\n\t\t\t\t\t<h2 class=\"elementor-heading-title elementor-size-default\">Datensicherheit<\/h2>\t\t\t\t<\/div>\n\t\t\t\t<\/div>\n\t\t\t\t<div class=\"elementor-element elementor-element-42ae74f elementor-widget elementor-widget-text-editor\" data-id=\"42ae74f\" data-element_type=\"widget\" data-e-type=\"widget\" data-widget_type=\"text-editor.default\">\n\t\t\t\t<div class=\"elementor-widget-container\">\n\t\t\t\t\t\t\t\t\tWir wenden geeignete Sicherheitsma\u00dfnahmen an, um Ihre Informationen vor unbefugtem Zugriff, Offenlegung, \u00c4nderung und Zerst\u00f6rung zu sch\u00fctzen. Bitte beachten Sie jedoch, dass kein Sicherheitssystem v\u00f6llig fehlerfrei ist.\n\n\n\n\n\n\n\t\t\t\t\t\t\t\t<\/div>\n\t\t\t\t<\/div>\n\t\t\t\t<div class=\"elementor-element elementor-element-2983cd6 elementor-widget elementor-widget-heading\" data-id=\"2983cd6\" data-element_type=\"widget\" data-e-type=\"widget\" data-widget_type=\"heading.default\">\n\t\t\t\t<div class=\"elementor-widget-container\">\n\t\t\t\t\t<h2 class=\"elementor-heading-title elementor-size-default\">Cookies und Tracking-Technologien<\/h2>\t\t\t\t<\/div>\n\t\t\t\t<\/div>\n\t\t\t\t<div class=\"elementor-element elementor-element-c54163b elementor-widget elementor-widget-text-editor\" data-id=\"c54163b\" data-element_type=\"widget\" data-e-type=\"widget\" data-widget_type=\"text-editor.default\">\n\t\t\t\t<div class=\"elementor-widget-container\">\n\t\t\t\t\t\t\t\t\tWir verwenden Cookies und \u00e4hnliche Tracking-Technologien, um Ihr Erlebnis auf unserer Website zu verbessern. Sie k\u00f6nnen Ihre Cookie-Einstellungen \u00fcber die Einstellungen Ihres Browsers verwalten.\n\n\n\n\n\n\n\t\t\t\t\t\t\t\t<\/div>\n\t\t\t\t<\/div>\n\t\t\t\t<div class=\"elementor-element elementor-element-f50aa59 elementor-widget elementor-widget-heading\" data-id=\"f50aa59\" data-element_type=\"widget\" data-e-type=\"widget\" data-widget_type=\"heading.default\">\n\t\t\t\t<div class=\"elementor-widget-container\">\n\t\t\t\t\t<h2 class=\"elementor-heading-title elementor-size-default\">\u00c4nderungen dieser Datenschutzerkl\u00e4rung<\/h2>\t\t\t\t<\/div>\n\t\t\t\t<\/div>\n\t\t\t\t<div class=\"elementor-element elementor-element-7b89989 elementor-widget elementor-widget-text-editor\" data-id=\"7b89989\" data-element_type=\"widget\" data-e-type=\"widget\" data-widget_type=\"text-editor.default\">\n\t\t\t\t<div class=\"elementor-widget-container\">\n\t\t\t\t\t\t\t\t\t<p>Wir k\u00f6nnen diese Datenschutzerkl\u00e4rung regelm\u00e4\u00dfig aktualisieren. \u00dcber wesentliche \u00c4nderungen informieren wir Sie, indem wir die neue Erkl\u00e4rung auf unserer Website ver\u00f6ffentlichen und das Datum des Inkrafttretens aktualisieren.<\/p><p>Wenn Sie Fragen oder Bedenken zu dieser Datenschutzerkl\u00e4rung haben, kontaktieren Sie uns bitte unter:<\/p><p><strong>RentMne<\/strong><br \/>Adresse: Glavanovi\u0107a br.93, 85000 Bar, Montenegro<br \/>E-Mail: <a rel=\"noopener\">info@rentmne.com<\/a><br \/>Telefon: +382 67 514 546<\/p>\t\t\t\t\t\t\t\t<\/div>\n\t\t\t\t<\/div>\n\t\t\t\t\t<\/div>\n\t\t\t\t<\/div>\n\t\t\t\t<\/div>\n\t\t","protected":false},"excerpt":{"rendered":"<p>Einleitung Willkommen bei RentMne. Wir sind bestrebt, Ihre Privatsph\u00e4re zu sch\u00fctzen und sicherzustellen, dass Ihre pers\u00f6nlichen Daten sicher und verantwortungsvoll verwaltet werden. Diese Datenschutzerkl\u00e4rung beschreibt, wie wir Ihre Informationen sammeln, verwenden und sch\u00fctzen, wenn Sie unsere Dienstleistungen nutzen. Informationen, die wir sammeln Wir k\u00f6nnen die folgenden Arten von Informationen sammeln: Pers\u00f6nliche Informationen: Name, Adresse, Telefonnummer, [&hellip;]<\/p>\n","protected":false},"author":1,"featured_media":0,"parent":0,"menu_order":0,"comment_status":"closed","ping_status":"closed","template":"","meta":{"_monsterinsights_skip_tracking":false,"_monsterinsights_sitenote_active":false,"_monsterinsights_sitenote_note":"","_monsterinsights_sitenote_category":0,"_jet_sm_ready_style":"","_jet_sm_style":"","_jet_sm_controls_values":"","_jet_sm_fonts_collection":"","_jet_sm_fonts_links":"","footnotes":""},"class_list":["post-3334","page","type-page","status-publish","hentry"],"aioseo_notices":[],"_links":{"self":[{"href":"https:\/\/rentmne.com\/de\/wp-json\/wp\/v2\/pages\/3334","targetHints":{"allow":["GET"]}}],"collection":[{"href":"https:\/\/rentmne.com\/de\/wp-json\/wp\/v2\/pages"}],"about":[{"href":"https:\/\/rentmne.com\/de\/wp-json\/wp\/v2\/types\/page"}],"author":[{"embeddable":true,"href":"https:\/\/rentmne.com\/de\/wp-json\/wp\/v2\/users\/1"}],"replies":[{"embeddable":true,"href":"https:\/\/rentmne.com\/de\/wp-json\/wp\/v2\/comments?post=3334"}],"version-history":[{"count":0,"href":"https:\/\/rentmne.com\/de\/wp-json\/wp\/v2\/pages\/3334\/revisions"}],"wp:attachment":[{"href":"https:\/\/rentmne.com\/de\/wp-json\/wp\/v2\/media?parent=3334"}],"curies":[{"name":"wp","href":"https:\/\/api.w.org\/{rel}","templated":true}]}}